{"id":56,"date":"2020-02-03T20:25:51","date_gmt":"2020-02-03T20:25:51","guid":{"rendered":"http:\/\/www.pfadgpk.at\/?page_id=56"},"modified":"2020-02-03T20:25:51","modified_gmt":"2020-02-03T20:25:51","slug":"pfadfinder-weltweit","status":"publish","type":"page","link":"https:\/\/www.pfadgpk.at\/?page_id=56","title":{"rendered":"Pfadfinder Weltweit"},"content":{"rendered":"\n<p><strong>Die Pfadfinderbewegung \u2013 vernetzt in alle Welt <\/strong><br> Die Pfadfinder und Pfadfinderinnen sind mit 40 Millionen Mitgliedern die weltweit gr\u00f6\u00dfte internationale Kinder- und Jugendbewegung, deren Mitglieder auf allen Erdteilen und Kontinenten zu internationaler Verst\u00e4ndigung aufrufen.<br> In 224 L\u00e4ndern gibt es Pfadfinder und Pfadfinderinnen, organisiert in 164 nationalen Verb\u00e4nden. Das weltumspannende Kommunikationsnetz erm\u00f6glicht nicht nur viele Begegnungen der Jugendlichen im Sinne der V\u00f6lkerverst\u00e4ndigung, sondern auch wirksame Solidarit\u00e4t in Notzeiten.<br> Die Pfadfinder f\u00f6rdern die ganzheitliche Entwicklung von jungen Menschen und helfen dadurch, eine bessere Welt zu schaffen, in der Menschen ihr Potential entfalten k\u00f6nnen und sich aktiv f\u00fcr die Gesellschaft engagieren.<br> In \u00d6sterreich gibt es derzeit etwa 85.000 Pfadfinder und Pfadfinderinnen. Die ehrenamtlichen JugendleiterInnen absolvieren eine vierstufige mehrj\u00e4hrige Ausbildung, die aus Seminaren, schriftlichen Arbeiten aber vor allem Erfahrungsaustausch und Reflexion der Arbeit besteht.<br> Die \u00f6sterreichischen Pfadfindergruppen und ihre ehrenamtlichen JugendleiterInnen und MitarbeiterInnen veranstalten j\u00e4hrlich rund:<br> \u2022\u00a0\u00a0\u00a0 100.000 Heimabende <br> \u2022\u00a0\u00a0\u00a0 10.000 Ausfl\u00fcge<br> \u2022\u00a0\u00a0\u00a0 9.000 Wochenend- und Pfingstlager<br> \u2022\u00a0\u00a0\u00a0 600 Sommerlager mit insgesamt rund 15.000 Kindern und Jugendlichen<\/p>\n\n\n\n<p><br> Die Gumpoldskirchner Pfadfindergruppe z\u00e4hlt derzeit 120 Mitglieder. Jeden Mittwoch finden unsere Heimstunden statt. Offen f\u00fcr alle \u2013 Allzeit Bereit \u2013 komm einfach vorbei. <\/p>\n","protected":false},"excerpt":{"rendered":"<p>Die Pfadfinderbewegung \u2013 vernetzt in alle Welt Die Pfadfinder und Pfadfinderinnen sind mit 40 Millionen Mitgliedern die weltweit gr\u00f6\u00dfte internationale<\/p>\n","protected":false},"author":1,"featured_media":0,"parent":0,"menu_order":0,"comment_status":"closed","ping_status":"closed","template":"","meta":{"footnotes":""},"class_list":["post-56","page","type-page","status-publish","hentry"],"_links":{"self":[{"href":"https:\/\/www.pfadgpk.at\/index.php?rest_route=\/wp\/v2\/pages\/56"}],"collection":[{"href":"https:\/\/www.pfadgpk.at\/index.php?rest_route=\/wp\/v2\/pages"}],"about":[{"href":"https:\/\/www.pfadgpk.at\/index.php?rest_route=\/wp\/v2\/types\/page"}],"author":[{"embeddable":true,"href":"https:\/\/www.pfadgpk.at\/index.php?rest_route=\/wp\/v2\/users\/1"}],"replies":[{"embeddable":true,"href":"https:\/\/www.pfadgpk.at\/index.php?rest_route=%2Fwp%2Fv2%2Fcomments&post=56"}],"version-history":[{"count":1,"href":"https:\/\/www.pfadgpk.at\/index.php?rest_route=\/wp\/v2\/pages\/56\/revisions"}],"predecessor-version":[{"id":57,"href":"https:\/\/www.pfadgpk.at\/index.php?rest_route=\/wp\/v2\/pages\/56\/revisions\/57"}],"wp:attachment":[{"href":"https:\/\/www.pfadgpk.at\/index.php?rest_route=%2Fwp%2Fv2%2Fmedia&parent=56"}],"curies":[{"name":"wp","href":"https:\/\/api.w.org\/{rel}","templated":true}]}}