{"id":31,"date":"2020-02-03T20:19:52","date_gmt":"2020-02-03T20:19:52","guid":{"rendered":"http:\/\/www.pfadgpk.at\/?page_id=31"},"modified":"2020-02-03T20:33:12","modified_gmt":"2020-02-03T20:33:12","slug":"die-gruppe","status":"publish","type":"page","link":"https:\/\/www.pfadgpk.at\/?page_id=31","title":{"rendered":"Die Gruppe"},"content":{"rendered":"\n<p> Im Jahre 1928 gr\u00fcndete der vormalige Kaplan und Pfarrer Wilfried P.   Leiter das St. Georg-Corps, die Vorg\u00e4nger der Pfadfinder in   Gumpoldskirchen. Die zun\u00e4chst kleine Gruppe erfreute sich gro\u00dfer   Beliebtheit unter den Burschen im Ort und wuchs somit sehr rasch an. <br> <br> In ihrem Gr\u00fcndungsjahr bekam sie auch eine eigene Fahne, die sobald auch mit allen Ehren geweiht wurde. <br> Das erste Sommerlager fand im darauffolgenden Jahr, von 2. bis 20. August 1929 in Waidmannsfeld statt.\u00a0<br> <br>   Das erste Heim und somit Treffpunkt der Gruppe war die sp\u00e4tere Kapelle   der Kirche, da aber diese mit der Zeit zu klein wurde musste eine neue   Unterkunft f\u00fcr die Gruppe gefunden werden und da man nichts passendes   fand, entschlossen sich die Leiter der Gruppe zum Bau eines eigenen   Heimes.\u00a0<br> <br>  Das zuk\u00fcnftige Heim sollte in der Ried Ruffenbrunn  errichtet werden,  wof\u00fcr auch sehr bald die Baugenehmigung erteilt wurde  (1932). Da aber  auch schon damals Geld nicht im \u00dcberfluss vorhanden  war mussten man  selbiges in Form von Spenden-Bausteinen auftreiben. Ein  solcher Baustein  konnte damals zum Preis von 50 Groschen erstanden  werden.\u00a0<br> <br>  Nach l\u00e4ngerem Sparen war dann endlich genug Geld  beieinander und der  Traum des \u201eEigenheims\u201c konnte 1937 erf\u00fcllt werden.  Doch lange konnten  sich die Pfadis nicht \u00fcber ihr Blockhaus freuen,  denn nach dem Anschluss  an Deutschland 1938 wurde ihr Heim von den  Nationalsozialisten  konfisziert und die Pfadfinderbewegung verboten.\u00a0<br> <br> Nach 1945 erfolgte aber bald die Neugr\u00fcndung der Pfadfinder, allerdings nicht mehr im Rahmen der kirchlichen Vereine. <br>   Friedrich Holocher-Ertl gelang es in der Folge stets   begeisterungsf\u00e4hige, junge Leute um sich zu sammeln und ihnen die Ideale   Baden Powells weiterzugeben. Er wurde daf\u00fcr wiederholt in hohe   Funktionen innerhalb der \u00f6sterreichischen Pfadfinder berufen.\u00a0<br> <br>   Seit 1968 gibt es auch eine M\u00e4dchengruppe bei den Gumpoldskirchner   Pfadfindern. Da ja das alte Heim im Ried Ruffenbrunn nicht mehr   ben\u00fctzbar war suchten sich die Gruppe eine neue Baracke neben dem   Johannesstein, jetzt Areal der Raiffeisenkassa und dann das nicht mehr   bewirtschaftete Gasthaus in der Wienerstra\u00dfe 115.\u00a0<br> <br>  Seit  einigen Jahren besitzen die Pfadis wieder ein eigenes Heim, eine   ehemalige Arbeitsbaracke die neu neben dem Feuerwehrhaus aufgestellt   wurde. An seiner Versch\u00f6nerung arbeiten wir heute noch.\u00a0   <\/p>\n","protected":false},"excerpt":{"rendered":"<p>Im Jahre 1928 gr\u00fcndete der vormalige Kaplan und Pfarrer Wilfried P. Leiter das St. Georg-Corps, die Vorg\u00e4nger der Pfadfinder in<\/p>\n","protected":false},"author":1,"featured_media":0,"parent":0,"menu_order":0,"comment_status":"closed","ping_status":"closed","template":"","meta":{"footnotes":""},"class_list":["post-31","page","type-page","status-publish","hentry"],"_links":{"self":[{"href":"https:\/\/www.pfadgpk.at\/index.php?rest_route=\/wp\/v2\/pages\/31"}],"collection":[{"href":"https:\/\/www.pfadgpk.at\/index.php?rest_route=\/wp\/v2\/pages"}],"about":[{"href":"https:\/\/www.pfadgpk.at\/index.php?rest_route=\/wp\/v2\/types\/page"}],"author":[{"embeddable":true,"href":"https:\/\/www.pfadgpk.at\/index.php?rest_route=\/wp\/v2\/users\/1"}],"replies":[{"embeddable":true,"href":"https:\/\/www.pfadgpk.at\/index.php?rest_route=%2Fwp%2Fv2%2Fcomments&post=31"}],"version-history":[{"count":2,"href":"https:\/\/www.pfadgpk.at\/index.php?rest_route=\/wp\/v2\/pages\/31\/revisions"}],"predecessor-version":[{"id":64,"href":"https:\/\/www.pfadgpk.at\/index.php?rest_route=\/wp\/v2\/pages\/31\/revisions\/64"}],"wp:attachment":[{"href":"https:\/\/www.pfadgpk.at\/index.php?rest_route=%2Fwp%2Fv2%2Fmedia&parent=31"}],"curies":[{"name":"wp","href":"https:\/\/api.w.org\/{rel}","templated":true}]}}